{"id":2698,"date":"2024-11-05T10:35:23","date_gmt":"2024-11-05T10:35:23","guid":{"rendered":"https:\/\/conradtulumrivieramaya.com\/?page_id=2698"},"modified":"2025-06-10T14:01:49","modified_gmt":"2025-06-10T14:01:49","slug":"itinerarios","status":"publish","type":"page","link":"https:\/\/conradtulumrivieramaya.com\/es\/itinerarios\/","title":{"rendered":"Itinerarios"},"content":{"rendered":"<div class=\"conrad-tulum-cover conrad-tulum-cover--image wp-block-conrad-tulum-cover wp-block-conrad-tulum-cover-\" id=\"conrad-tulum-cover-69dc110b1c154\">\n\t\t<div class=\"conrad-tulum-image-slider conrad-tulum-cover__images  conrad-tulum-image-slider--has-single-image conrad-tulum-cover__images  wp-block-conrad-tulum-image-slider\" id=\"conrad-tulum-image-slider-69dc110b1cab4\">\n\t<div class=\"conrad-tulum-image-slider__wrapper swiper\">\n\t\t<div class=\"conrad-tulum-image-slider__list swiper-wrapper\">\n\t\t\t\t\t\t\t\t<div class=\"conrad-tulum-image-slider__item swiper-slide\">\n\t\t\t\t\t\t<div class=\"conrad-tulum-image-slider__item__media\">\n\t\t\t\t\t\t\t<img loading=\"lazy\" decoding=\"async\" width=\"1920\" height=\"1440\" src=\"https:\/\/conradtulumrivieramaya.com\/wp-content\/uploads\/2024\/09\/NEST_1346-v2.webp\" class=\"conrad-tulum-image-slider__item__image\" alt=\"Mujer disfrutando de una taza de t\u00e9 dentro de un acogedor nido hecho de juncos en Conrad Tulum.\" srcset=\"\" \/>\t\t\t\t\t\t<\/div>\n\t\t\t\t\t<\/div>\n\t\t\t\t\t\t\t\t\t\t<div class=\"conrad-tulum-image-slider__item swiper-slide\">\n\t\t\t\t\t\t<div class=\"conrad-tulum-image-slider__item__media\">\n\t\t\t\t\t\t\t<img loading=\"lazy\" decoding=\"async\" width=\"1920\" height=\"1442\" src=\"https:\/\/conradtulumrivieramaya.com\/wp-content\/uploads\/2024\/09\/MAIN-POOL_2002-v2.webp\" class=\"conrad-tulum-image-slider__item__image\" alt=\"Paquete todo incluido, mesero sirviendo comida a tres amigos junto a la piscina del hotel en Conrad Tulum\" srcset=\"\" \/>\t\t\t\t\t\t<\/div>\n\t\t\t\t\t<\/div>\n\t\t\t\t\t\t\t<\/div>\n\n\t\t\t\t\t<div class=\"swiper-pagination\"><\/div>\n\t\t\t<div class=\"swiper-button-next\"><\/div>\n\t\t\t<div class=\"swiper-button-prev\"><\/div>\n\t\t\t\t<\/div>\n<\/div>\n\t<script type=\"text\/javascript\">\n\t\twindow.addEventListener('DOMContentLoaded', function (event) {\n\t\t\tnew Swiper('#conrad-tulum-image-slider-69dc110b1cab4 .swiper', {\n\t\t\t\tloop: true,\n\t\t\t\tpagination: {\n\t\t\t\t\tel: '.swiper-pagination',\n\t\t\t\t\tclickable: true,\n\t\t\t\t},\n\t\t\t\tnavigation: {\n\t\t\t\t\tnextEl: '.swiper-button-next',\n\t\t\t\t\tprevEl: '.swiper-button-prev',\n\t\t\t\t},\n\t\t\t\tcenteredSlides: true,\n\t\t\t\tspaceBetween: 0,\n\t\t\t\tbreakpoints: {\n\t\t\t\t\t0: {\n\t\t\t\t\t\tslidesPerView: 1,\n\t\t\t\t\t},\n\t\t\t\t\t600: {\n\t\t\t\t\t\tslidesPerView: '1',\n\t\t\t\t\t},\n\t\t\t\t},\n\t\t\t});\n\t\t});\n\t<\/script>\n\t\t<\/div>\n\t\t\n\n<div\n\tstyle=\"margin-top:var(--wp--preset--spacing--regular);margin-bottom:var(--wp--preset--spacing--slider-heading);\" class=\"conrad-tulum-heading-text conrad-tulum-heading-text--centered wp-block-conrad-tulum-heading-text\" id=\"itineraries\">\n\t<div class=\"conrad-tulum-heading-text__text\">\n\t\t<div class=\"conrad-tulum-heading-text__heading\">\n\t\t\t<div class=\"conrad-tulum-heading-text__category\">\n\t\t\t\t\t\t\t\t<div class=\"conrad-tulum-heading-text__category-list is-category-list\">\n\t\t\t\t\t\t\t\t\t\t<div class=\"conrad-tulum-heading-text__category-item is-subtitle\">\n\t\t\t\t\t\tItinerarios\t\t\t\t\t<\/div>\n\t\t\t\t\t\t\t\t\t\t\t<\/div>\n\t\t\t\t\t\t\t\t<\/div>\n\t\t\t<h1 class=\"conrad-tulum-heading-text__title  is-page-title\">\n\t\t\t\tDescubra itinerarios a la medida\t\t\t<\/h1>\n\t\t<\/div>\n\n\t\t\t\t\t<div class=\"conrad-tulum-heading-text__description is-description\">\n\t\t\t\t<p>Emb\u00e1rquese en un viaje de aventuras inolvidables y sum\u00e9rjase en la rica historia, la belleza natural y la vibrante cultura local de Tulum. Explore rutas que combinan relajaci\u00f3n, descubrimiento y experiencias \u00fanicas.<\/p>\n\t\t\t<\/div>\n\t\t\t\t\t<\/div>\n\n\t\t<div class=\"conrad-tulum-heading-text__action__list is-action-list\">\n\t\t\t\t<div class=\"conrad-tulum-heading-text__action__item is-action-item\">\n\t\t\t<a href=\"mailto:CUNCI.Guest-Experience@ConradHotels.com\" class=\"conrad-tulum-heading-text__action__link is-action-link nice-button nice-button--is-regular\" target=\"_blank\">\n\t\t\t\t<span class=\"nice-button__label\">cont\u00e1ctenos<\/span>\n\t\t\t<\/a>\n\t\t<\/div>\n\t\t\t\t\t<\/div>\n\t\t<\/div>\n\t\n\n<div\n\tstyle=\"margin-top:var(--wp--preset--spacing--micro);margin-bottom:var(--wp--preset--spacing--regular);\" class=\"conrad-tulum-itinerary-slider wp-block-conrad-tulum-itinerary-slider\" id=\"conrad-tulum-itinerary-slider-69dc110b23e5d\">\n\t<div\n\tclass=\"conrad-tulum-resource-slider conrad-tulum-resource-slider--extended-type conrad-tulum-resource-slider--has-border-line wp-block-conrad-tulum-resource-slider\" id=\"conrad-tulum-resource-slider-69dc110b2e321\" data-count=\"5\">\n\t<div class=\"conrad-tulum-resource-slider__wrapper swiper\">\n\t\t<div class=\"conrad-tulum-resource-slider__list swiper-wrapper\">\n\t\t\t\t\t<div class=\"conrad-tulum-resource-slider__item swiper-slide\">\n\t\t\t\t<div class=\"conrad-tulum-resource-slider__item-media\">\n\t\t\t\t\t<img loading=\"lazy\" decoding=\"async\" width=\"1920\" height=\"1280\" src=\"https:\/\/cdn.conradtulumrivieramaya.com\/wp-content\/uploads\/2024\/10\/14150929\/LaMore-018-scaled-1.webp\" class=\"conrad-tulum-resource-slider__item-image\" alt=\"Yate de lujo navegando por las aguas turquesas de la Riviera Maya, con ba\u00f1istas disfrutando de la cubierta delantera.\" srcset=\"https:\/\/cdn.conradtulumrivieramaya.com\/wp-content\/uploads\/2024\/10\/14150929\/LaMore-018-scaled-1.webp 1920w, https:\/\/cdn.conradtulumrivieramaya.com\/wp-content\/uploads\/2024\/10\/14150929\/LaMore-018-scaled-1-300x200.webp 300w, https:\/\/cdn.conradtulumrivieramaya.com\/wp-content\/uploads\/2024\/10\/14150929\/LaMore-018-scaled-1-1024x683.webp 1024w, https:\/\/cdn.conradtulumrivieramaya.com\/wp-content\/uploads\/2024\/10\/14150929\/LaMore-018-scaled-1-768x512.webp 768w, https:\/\/cdn.conradtulumrivieramaya.com\/wp-content\/uploads\/2024\/10\/14150929\/LaMore-018-scaled-1-1536x1024.webp 1536w, https:\/\/cdn.conradtulumrivieramaya.com\/wp-content\/uploads\/2024\/10\/14150929\/LaMore-018-scaled-1-18x12.webp 18w\" sizes=\"auto, (max-width: 1920px) 100vw, 1920px\" \/>\t\t\t\t<\/div>\n\t\t\t\t<div class=\"conrad-tulum-resource-slider__item-content\">\n\t\t\t\t\t\t\t\t\t\t<div class=\"conrad-tulum-resource-slider__item-category\">\n\t\t\t\t\t\t<div class=\"conrad-tulum-resource-slider__item-category-list is-category-list\">\n\t\t\t\t\t\t\t\t\t\t\t\t\t\t<div class=\"conrad-tulum-resource-slider__item-category-item is-subtitle is-category-title\">\n\t\t\t\t\t\t\t\tYate\t\t\t\t\t\t\t<\/div>\n\t\t\t\t\t\t\t\t\t\t\t\t\t\t\t<div class=\"conrad-tulum-resource-slider__item-category-item is-subtitle is-category-title\">\n\t\t\t\t\t\t\t\tCena de sushi\t\t\t\t\t\t\t<\/div>\n\t\t\t\t\t\t\t\t\t\t\t\t\t\t\t<div class=\"conrad-tulum-resource-slider__item-category-item is-subtitle is-category-title\">\n\t\t\t\t\t\t\t\tSpa\t\t\t\t\t\t\t<\/div>\n\t\t\t\t\t\t\t\t\t\t\t\t\t\t<\/div>\n\t\t\t\t\t<\/div>\n\t\t\t\t\t\t\t\t\t\t\t<h2 class=\"conrad-tulum-resource-slider__item-title is-box-title\">Itinerario exclusivo de 3 d\u00edas: Una aventura inolvidable<\/h2>\n\t\t\t\t\t<div class=\"conrad-tulum-resource-slider__item-descrption is-description\">Para visitantes primerizos o para quienes deseen probar un poco de todo.<\/div>\n\t\t\t\t\t\t\t\t\t\t<div class=\"conrad-tulum-resource-slider__item-action-list is-action-list\">\n\t\t\t\t\t\t\t\t\t\t\t\t<div class=\"conrad-tulum-resource-slider__item-action-item is-action-item\">\n\t\t\t\t\t\t\t<a href=\"mailto:CUNCI.Guest-Experience@ConradHotels.com\" class=\"conrad-tulum-resource-slider__item-action-item-link is-action-link nice-button nice-button--is-regular\" target=\"_blank\">\n\t\t\t\t\t\t\t\t<span class=\"nice-button__label\">Reservar Ahora<\/span>\n\t\t\t\t\t\t\t<\/a>\n\t\t\t\t\t\t<\/div>\n\t\t\t\t\t\t\t\t\t\t\t\t\t\t<div class=\"conrad-tulum-resource-slider__item-action-item is-action-item\">\n\t\t\t\t\t\t\t<a href=\"https:\/\/conradtulumrivieramaya.com\/es\/itinerarios\/itinerarios-comisariados\/\" class=\"conrad-tulum-resource-slider__item-action-item-link is-action-link nice-button nice-button--is-featured\" target=\"_self\">\n\t\t\t\t\t\t\t\t<span class=\"nice-button__label\">M\u00e1s Informaci\u00f3n<\/span>\n\t\t\t\t\t\t\t<\/a>\n\t\t\t\t\t\t<\/div>\n\t\t\t\t\t\t\t\t\t\t\t\t\t<\/div>\n\t\t\t\t\t\t\t\t\t\t<\/div>\n\t\t\t<\/div>\n\t\t\t\t\t\t<div class=\"conrad-tulum-resource-slider__item swiper-slide\">\n\t\t\t\t<div class=\"conrad-tulum-resource-slider__item-media\">\n\t\t\t\t\t<img loading=\"lazy\" decoding=\"async\" width=\"1920\" height=\"1328\" src=\"https:\/\/cdn.conradtulumrivieramaya.com\/wp-content\/uploads\/2026\/01\/30111209\/hilton_Muir_day1-1498.webp\" class=\"conrad-tulum-resource-slider__item-image\" alt=\"Dos personas vestidas de blanco se relajan junto a la piscina, rodeadas de plantas tropicales. Una de ellas sostiene una copa de vino tinto.\" srcset=\"https:\/\/cdn.conradtulumrivieramaya.com\/wp-content\/uploads\/2026\/01\/30111209\/hilton_Muir_day1-1498.webp 1920w, https:\/\/cdn.conradtulumrivieramaya.com\/wp-content\/uploads\/2026\/01\/30111209\/hilton_Muir_day1-1498-300x208.webp 300w, https:\/\/cdn.conradtulumrivieramaya.com\/wp-content\/uploads\/2026\/01\/30111209\/hilton_Muir_day1-1498-1024x708.webp 1024w, https:\/\/cdn.conradtulumrivieramaya.com\/wp-content\/uploads\/2026\/01\/30111209\/hilton_Muir_day1-1498-768x531.webp 768w, https:\/\/cdn.conradtulumrivieramaya.com\/wp-content\/uploads\/2026\/01\/30111209\/hilton_Muir_day1-1498-1536x1062.webp 1536w, https:\/\/cdn.conradtulumrivieramaya.com\/wp-content\/uploads\/2026\/01\/30111209\/hilton_Muir_day1-1498-18x12.webp 18w\" sizes=\"auto, (max-width: 1920px) 100vw, 1920px\" \/>\t\t\t\t<\/div>\n\t\t\t\t<div class=\"conrad-tulum-resource-slider__item-content\">\n\t\t\t\t\t\t\t\t\t\t<div class=\"conrad-tulum-resource-slider__item-category\">\n\t\t\t\t\t\t<div class=\"conrad-tulum-resource-slider__item-category-list is-category-list\">\n\t\t\t\t\t\t\t\t\t\t\t\t\t\t<div class=\"conrad-tulum-resource-slider__item-category-item is-subtitle is-category-title\">\n\t\t\t\t\t\t\t\tParejas\t\t\t\t\t\t\t<\/div>\n\t\t\t\t\t\t\t\t\t\t\t\t\t\t\t<div class=\"conrad-tulum-resource-slider__item-category-item is-subtitle is-category-title\">\n\t\t\t\t\t\t\t\tFoodies\t\t\t\t\t\t\t<\/div>\n\t\t\t\t\t\t\t\t\t\t\t\t\t\t\t<div class=\"conrad-tulum-resource-slider__item-category-item is-subtitle is-category-title\">\n\t\t\t\t\t\t\t\tSpa\t\t\t\t\t\t\t<\/div>\n\t\t\t\t\t\t\t\t\t\t\t\t\t\t<\/div>\n\t\t\t\t\t<\/div>\n\t\t\t\t\t\t\t\t\t\t\t<h2 class=\"conrad-tulum-resource-slider__item-title is-box-title\">Tulum para Dos: Escapadas Rom\u00e1nticas<\/h2>\n\t\t\t\t\t<div class=\"conrad-tulum-resource-slider__item-descrption is-description\">Para parejas que buscan intimidad, belleza y momentos compartidos que perduren.<\/div>\n\t\t\t\t\t\t\t\t\t\t<div class=\"conrad-tulum-resource-slider__item-action-list is-action-list\">\n\t\t\t\t\t\t\t\t\t\t\t\t<div class=\"conrad-tulum-resource-slider__item-action-item is-action-item\">\n\t\t\t\t\t\t\t<a href=\"mailto:CUNCI.Guest-Experience@ConradHotels.com\" class=\"conrad-tulum-resource-slider__item-action-item-link is-action-link nice-button nice-button--is-regular\" target=\"_blank\">\n\t\t\t\t\t\t\t\t<span class=\"nice-button__label\">Reservar Ahora<\/span>\n\t\t\t\t\t\t\t<\/a>\n\t\t\t\t\t\t<\/div>\n\t\t\t\t\t\t\t\t\t\t\t\t\t\t<div class=\"conrad-tulum-resource-slider__item-action-item is-action-item\">\n\t\t\t\t\t\t\t<a href=\"https:\/\/conradtulumrivieramaya.com\/es\/itinerarios\/tulum-para-dos\/\" class=\"conrad-tulum-resource-slider__item-action-item-link is-action-link nice-button nice-button--is-featured\" target=\"_self\">\n\t\t\t\t\t\t\t\t<span class=\"nice-button__label\">M\u00e1s Informaci\u00f3n<\/span>\n\t\t\t\t\t\t\t<\/a>\n\t\t\t\t\t\t<\/div>\n\t\t\t\t\t\t\t\t\t\t\t\t\t<\/div>\n\t\t\t\t\t\t\t\t\t\t<\/div>\n\t\t\t<\/div>\n\t\t\t\t\t\t<div class=\"conrad-tulum-resource-slider__item swiper-slide\">\n\t\t\t\t<div class=\"conrad-tulum-resource-slider__item-media\">\n\t\t\t\t\t<img loading=\"lazy\" decoding=\"async\" width=\"2560\" height=\"1709\" src=\"https:\/\/cdn.conradtulumrivieramaya.com\/wp-content\/uploads\/2025\/06\/06151335\/Golfer-scaled.jpg\" class=\"conrad-tulum-resource-slider__item-image\" alt=\"Golf, Conrad Tulum Riviera Maya\" srcset=\"https:\/\/cdn.conradtulumrivieramaya.com\/wp-content\/uploads\/2025\/06\/06151335\/Golfer-scaled.jpg 2560w, https:\/\/cdn.conradtulumrivieramaya.com\/wp-content\/uploads\/2025\/06\/06151335\/Golfer-300x200.jpg 300w, https:\/\/cdn.conradtulumrivieramaya.com\/wp-content\/uploads\/2025\/06\/06151335\/Golfer-1024x683.jpg 1024w, https:\/\/cdn.conradtulumrivieramaya.com\/wp-content\/uploads\/2025\/06\/06151335\/Golfer-768x513.jpg 768w, https:\/\/cdn.conradtulumrivieramaya.com\/wp-content\/uploads\/2025\/06\/06151335\/Golfer-1536x1025.jpg 1536w, https:\/\/cdn.conradtulumrivieramaya.com\/wp-content\/uploads\/2025\/06\/06151335\/Golfer-2048x1367.jpg 2048w, https:\/\/cdn.conradtulumrivieramaya.com\/wp-content\/uploads\/2025\/06\/06151335\/Golfer-18x12.jpg 18w\" sizes=\"auto, (max-width: 2560px) 100vw, 2560px\" \/>\t\t\t\t<\/div>\n\t\t\t\t<div class=\"conrad-tulum-resource-slider__item-content\">\n\t\t\t\t\t\t\t\t\t\t<div class=\"conrad-tulum-resource-slider__item-category\">\n\t\t\t\t\t\t<div class=\"conrad-tulum-resource-slider__item-category-list is-category-list\">\n\t\t\t\t\t\t\t\t\t\t\t\t\t\t<div class=\"conrad-tulum-resource-slider__item-category-item is-subtitle is-category-title\">\n\t\t\t\t\t\t\t\tGolf\t\t\t\t\t\t\t<\/div>\n\t\t\t\t\t\t\t\t\t\t\t\t\t\t\t<div class=\"conrad-tulum-resource-slider__item-category-item is-subtitle is-category-title\">\n\t\t\t\t\t\t\t\tDeportes\t\t\t\t\t\t\t<\/div>\n\t\t\t\t\t\t\t\t\t\t\t\t\t\t\t<div class=\"conrad-tulum-resource-slider__item-category-item is-subtitle is-category-title\">\n\t\t\t\t\t\t\t\tAventura\t\t\t\t\t\t\t<\/div>\n\t\t\t\t\t\t\t\t\t\t\t\t\t\t<\/div>\n\t\t\t\t\t<\/div>\n\t\t\t\t\t\t\t\t\t\t\t<h2 class=\"conrad-tulum-resource-slider__item-title is-box-title\">Maravillas y Placeres: Una Estancia Elevada<\/h2>\n\t\t\t\t\t<div class=\"conrad-tulum-resource-slider__item-descrption is-description\">Para viajeros atra\u00eddos por el lujo, el ocio y una sensaci\u00f3n de aventura.<\/div>\n\t\t\t\t\t\t\t\t\t\t<div class=\"conrad-tulum-resource-slider__item-action-list is-action-list\">\n\t\t\t\t\t\t\t\t\t\t\t\t<div class=\"conrad-tulum-resource-slider__item-action-item is-action-item\">\n\t\t\t\t\t\t\t<a href=\"mailto:CUNCI.Guest-Experience@ConradHotels.com\" class=\"conrad-tulum-resource-slider__item-action-item-link is-action-link nice-button nice-button--is-regular\" target=\"_blank\">\n\t\t\t\t\t\t\t\t<span class=\"nice-button__label\">Reservar Ahora<\/span>\n\t\t\t\t\t\t\t<\/a>\n\t\t\t\t\t\t<\/div>\n\t\t\t\t\t\t\t\t\t\t\t\t\t\t<div class=\"conrad-tulum-resource-slider__item-action-item is-action-item\">\n\t\t\t\t\t\t\t<a href=\"https:\/\/conradtulumrivieramaya.com\/es\/itinerarios\/itinerario-maravilloso\/\" class=\"conrad-tulum-resource-slider__item-action-item-link is-action-link nice-button nice-button--is-featured\" target=\"_self\">\n\t\t\t\t\t\t\t\t<span class=\"nice-button__label\">M\u00e1s Informaci\u00f3n<\/span>\n\t\t\t\t\t\t\t<\/a>\n\t\t\t\t\t\t<\/div>\n\t\t\t\t\t\t\t\t\t\t\t\t\t<\/div>\n\t\t\t\t\t\t\t\t\t\t<\/div>\n\t\t\t<\/div>\n\t\t\t\t\t\t<div class=\"conrad-tulum-resource-slider__item swiper-slide\">\n\t\t\t\t<div class=\"conrad-tulum-resource-slider__item-media\">\n\t\t\t\t\t<img loading=\"lazy\" decoding=\"async\" width=\"1920\" height=\"1280\" src=\"https:\/\/cdn.conradtulumrivieramaya.com\/wp-content\/uploads\/2024\/07\/30112218\/Chichenitza-Woman-with-hat.webp\" class=\"conrad-tulum-resource-slider__item-image\" alt=\"Persona con camisa blanca y pantalones naranjas frente a la pir\u00e1mide de Chich\u00e9n Itz\u00e1, enmarcada por plantas y el cielo azul.\" srcset=\"https:\/\/cdn.conradtulumrivieramaya.com\/wp-content\/uploads\/2024\/07\/30112218\/Chichenitza-Woman-with-hat.webp 1920w, https:\/\/cdn.conradtulumrivieramaya.com\/wp-content\/uploads\/2024\/07\/30112218\/Chichenitza-Woman-with-hat-300x200.webp 300w, https:\/\/cdn.conradtulumrivieramaya.com\/wp-content\/uploads\/2024\/07\/30112218\/Chichenitza-Woman-with-hat-1024x683.webp 1024w, https:\/\/cdn.conradtulumrivieramaya.com\/wp-content\/uploads\/2024\/07\/30112218\/Chichenitza-Woman-with-hat-768x512.webp 768w, https:\/\/cdn.conradtulumrivieramaya.com\/wp-content\/uploads\/2024\/07\/30112218\/Chichenitza-Woman-with-hat-1536x1024.webp 1536w, https:\/\/cdn.conradtulumrivieramaya.com\/wp-content\/uploads\/2024\/07\/30112218\/Chichenitza-Woman-with-hat-18x12.webp 18w\" sizes=\"auto, (max-width: 1920px) 100vw, 1920px\" \/>\t\t\t\t<\/div>\n\t\t\t\t<div class=\"conrad-tulum-resource-slider__item-content\">\n\t\t\t\t\t\t\t\t\t\t<div class=\"conrad-tulum-resource-slider__item-category\">\n\t\t\t\t\t\t<div class=\"conrad-tulum-resource-slider__item-category-list is-category-list\">\n\t\t\t\t\t\t\t\t\t\t\t\t\t\t<div class=\"conrad-tulum-resource-slider__item-category-item is-subtitle is-category-title\">\n\t\t\t\t\t\t\t\tConexi\u00f3n cultural\t\t\t\t\t\t\t<\/div>\n\t\t\t\t\t\t\t\t\t\t\t\t\t\t\t<div class=\"conrad-tulum-resource-slider__item-category-item is-subtitle is-category-title\">\n\t\t\t\t\t\t\t\tAventura\t\t\t\t\t\t\t<\/div>\n\t\t\t\t\t\t\t\t\t\t\t\t\t\t\t<div class=\"conrad-tulum-resource-slider__item-category-item is-subtitle is-category-title\">\n\t\t\t\t\t\t\t\tFoodies\t\t\t\t\t\t\t<\/div>\n\t\t\t\t\t\t\t\t\t\t\t\t\t\t<\/div>\n\t\t\t\t\t<\/div>\n\t\t\t\t\t\t\t\t\t\t\t<h2 class=\"conrad-tulum-resource-slider__item-title is-box-title\">Caminos Ancestrales: Una Exploraci\u00f3n Maya<\/h2>\n\t\t\t\t\t<div class=\"conrad-tulum-resource-slider__item-descrption is-description\">Para exploradores culturales y entusiastas de la historia.<\/div>\n\t\t\t\t\t\t\t\t\t\t<div class=\"conrad-tulum-resource-slider__item-action-list is-action-list\">\n\t\t\t\t\t\t\t\t\t\t\t\t<div class=\"conrad-tulum-resource-slider__item-action-item is-action-item\">\n\t\t\t\t\t\t\t<a href=\"mailto:CUNCI.Guest-Experience@ConradHotels.com\" class=\"conrad-tulum-resource-slider__item-action-item-link is-action-link nice-button nice-button--is-regular\" target=\"_blank\">\n\t\t\t\t\t\t\t\t<span class=\"nice-button__label\">Reservar Ahora<\/span>\n\t\t\t\t\t\t\t<\/a>\n\t\t\t\t\t\t<\/div>\n\t\t\t\t\t\t\t\t\t\t\t\t\t\t<div class=\"conrad-tulum-resource-slider__item-action-item is-action-item\">\n\t\t\t\t\t\t\t<a href=\"https:\/\/conradtulumrivieramaya.com\/es\/itinerarios\/itinerario-maya\/\" class=\"conrad-tulum-resource-slider__item-action-item-link is-action-link nice-button nice-button--is-featured\" target=\"_self\">\n\t\t\t\t\t\t\t\t<span class=\"nice-button__label\">M\u00e1s Informaci\u00f3n<\/span>\n\t\t\t\t\t\t\t<\/a>\n\t\t\t\t\t\t<\/div>\n\t\t\t\t\t\t\t\t\t\t\t\t\t<\/div>\n\t\t\t\t\t\t\t\t\t\t<\/div>\n\t\t\t<\/div>\n\t\t\t\t\t\t<div class=\"conrad-tulum-resource-slider__item swiper-slide\">\n\t\t\t\t<div class=\"conrad-tulum-resource-slider__item-media\">\n\t\t\t\t\t<img loading=\"lazy\" decoding=\"async\" width=\"1920\" height=\"1278\" src=\"https:\/\/conradtulumrivieramaya.com\/wp-content\/uploads\/2024\/08\/Conrad-Tulum-Spa-3.webp\" class=\"conrad-tulum-resource-slider__item-image\" alt=\"Hombre tocando instrumentos relajantes en el spa del Conrad Tulum, creando un ambiente de calma para la relajaci\u00f3n y el bienestar.\" srcset=\"https:\/\/conradtulumrivieramaya.com\/wp-content\/uploads\/2024\/08\/Conrad-Tulum-Spa-3.webp 1920w, https:\/\/conradtulumrivieramaya.com\/wp-content\/uploads\/2024\/08\/Conrad-Tulum-Spa-3-300x200.webp 300w, https:\/\/conradtulumrivieramaya.com\/wp-content\/uploads\/2024\/08\/Conrad-Tulum-Spa-3-1024x682.webp 1024w, https:\/\/conradtulumrivieramaya.com\/wp-content\/uploads\/2024\/08\/Conrad-Tulum-Spa-3-768x511.webp 768w, https:\/\/conradtulumrivieramaya.com\/wp-content\/uploads\/2024\/08\/Conrad-Tulum-Spa-3-1536x1022.webp 1536w, https:\/\/conradtulumrivieramaya.com\/wp-content\/uploads\/2024\/08\/Conrad-Tulum-Spa-3-18x12.webp 18w\" sizes=\"auto, (max-width: 1920px) 100vw, 1920px\" \/>\t\t\t\t<\/div>\n\t\t\t\t<div class=\"conrad-tulum-resource-slider__item-content\">\n\t\t\t\t\t\t\t\t\t\t<div class=\"conrad-tulum-resource-slider__item-category\">\n\t\t\t\t\t\t<div class=\"conrad-tulum-resource-slider__item-category-list is-category-list\">\n\t\t\t\t\t\t\t\t\t\t\t\t\t\t<div class=\"conrad-tulum-resource-slider__item-category-item is-subtitle is-category-title\">\n\t\t\t\t\t\t\t\tNutrir la mente\t\t\t\t\t\t\t<\/div>\n\t\t\t\t\t\t\t\t\t\t\t\t\t\t\t<div class=\"conrad-tulum-resource-slider__item-category-item is-subtitle is-category-title\">\n\t\t\t\t\t\t\t\tCuerpo\t\t\t\t\t\t\t<\/div>\n\t\t\t\t\t\t\t\t\t\t\t\t\t\t\t<div class=\"conrad-tulum-resource-slider__item-category-item is-subtitle is-category-title\">\n\t\t\t\t\t\t\t\tAlma\t\t\t\t\t\t\t<\/div>\n\t\t\t\t\t\t\t\t\t\t\t\t\t\t<\/div>\n\t\t\t\t\t<\/div>\n\t\t\t\t\t\t\t\t\t\t\t<h2 class=\"conrad-tulum-resource-slider__item-title is-box-title\">Renovaci\u00f3n Mente y Cuerpo: Un Retiro de Bienestar<\/h2>\n\t\t\t\t\t<div class=\"conrad-tulum-resource-slider__item-descrption is-description\">Para buscadores de equilibrio, reflexi\u00f3n y bienestar integral.<\/div>\n\t\t\t\t\t\t\t\t\t\t<div class=\"conrad-tulum-resource-slider__item-action-list is-action-list\">\n\t\t\t\t\t\t\t\t\t\t\t\t<div class=\"conrad-tulum-resource-slider__item-action-item is-action-item\">\n\t\t\t\t\t\t\t<a href=\"mailto:CUNCI.Guest-Experience@ConradHotels.com\" class=\"conrad-tulum-resource-slider__item-action-item-link is-action-link nice-button nice-button--is-regular\" target=\"_blank\">\n\t\t\t\t\t\t\t\t<span class=\"nice-button__label\">Reservar Ahora<\/span>\n\t\t\t\t\t\t\t<\/a>\n\t\t\t\t\t\t<\/div>\n\t\t\t\t\t\t\t\t\t\t\t\t\t\t<div class=\"conrad-tulum-resource-slider__item-action-item is-action-item\">\n\t\t\t\t\t\t\t<a href=\"https:\/\/conradtulumrivieramaya.com\/es\/itinerarios\/itinerario-del-retiro-de-bienestar\/\" class=\"conrad-tulum-resource-slider__item-action-item-link is-action-link nice-button nice-button--is-featured\" target=\"_self\">\n\t\t\t\t\t\t\t\t<span class=\"nice-button__label\">M\u00e1s Informaci\u00f3n<\/span>\n\t\t\t\t\t\t\t<\/a>\n\t\t\t\t\t\t<\/div>\n\t\t\t\t\t\t\t\t\t\t\t\t\t<\/div>\n\t\t\t\t\t\t\t\t\t\t<\/div>\n\t\t\t<\/div>\n\t\t\t\t\t<\/div>\n\t<\/div>\n\t<div class=\"swiper-pagination swiper-pagination--conrad-tulum-resource-slider-69dc110b2e321\"><\/div>\n\t<div class=\"swiper-button-next swiper-button-next--conrad-tulum-resource-slider-69dc110b2e321\"><\/div>\n\t<div class=\"swiper-button-prev swiper-button-prev--conrad-tulum-resource-slider-69dc110b2e321\"><\/div>\n<\/div>\n<script type=\"text\/javascript\">\n\twindow.addEventListener('DOMContentLoaded', function(event) {\n\tnew Swiper('#conrad-tulum-resource-slider-69dc110b2e321 .swiper', {\n\t\tloop                    : true,\n\t\twatchOverflow           : true,\n\t\tcenterInsufficientSlides: true,\n\t\tpagination              : {\n\t\t\tel       : '.swiper-pagination--conrad-tulum-resource-slider-69dc110b2e321',\n\t\t\tclickable: true,\n\t\t},\n\t\tnavigation              : {\n\t\t\tnextEl: '.swiper-button-next--conrad-tulum-resource-slider-69dc110b2e321',\n\t\t\tprevEl: '.swiper-button-prev--conrad-tulum-resource-slider-69dc110b2e321',\n\t\t},\n\t\tspaceBetween  : 30,\n\t\tbreakpoints: {\n\t\t\t0: {\n\t\t\t\tslidesPerView : 1,\n\t\t\t\tloop          : true,\n\t\t\t\tallowTouchMove: true,\n\t\t\t},\n\t\t\t768: {\n\t\t\t\tslidesPerView : 2,\n\t\t\t\tloop          : true,\n\t\t\t\tallowTouchMove: true,\n\t\t\t},\n\t\t\t1200: {\n\t\t\t\tslidesPerView : '1.7',\n\t\t\t\tloop          : '1',\n\t\t\t\tallowTouchMove: '1',\n\t\t\t}\n\t\t}\n\t});\n});\n<\/script>\n\t<\/div>","protected":false},"excerpt":{"rendered":"","protected":false},"author":2,"featured_media":0,"parent":0,"menu_order":12,"comment_status":"closed","ping_status":"closed","template":"","meta":{"_acf_changed":false,"inline_featured_image":false,"footnotes":""},"class_list":["post-2698","page","type-page","status-publish","hentry"],"acf":[],"_links":{"self":[{"href":"https:\/\/conradtulumrivieramaya.com\/es\/wp-json\/wp\/v2\/pages\/2698","targetHints":{"allow":["GET"]}}],"collection":[{"href":"https:\/\/conradtulumrivieramaya.com\/es\/wp-json\/wp\/v2\/pages"}],"about":[{"href":"https:\/\/conradtulumrivieramaya.com\/es\/wp-json\/wp\/v2\/types\/page"}],"author":[{"embeddable":true,"href":"https:\/\/conradtulumrivieramaya.com\/es\/wp-json\/wp\/v2\/users\/2"}],"replies":[{"embeddable":true,"href":"https:\/\/conradtulumrivieramaya.com\/es\/wp-json\/wp\/v2\/comments?post=2698"}],"version-history":[{"count":9,"href":"https:\/\/conradtulumrivieramaya.com\/es\/wp-json\/wp\/v2\/pages\/2698\/revisions"}],"predecessor-version":[{"id":9624,"href":"https:\/\/conradtulumrivieramaya.com\/es\/wp-json\/wp\/v2\/pages\/2698\/revisions\/9624"}],"wp:attachment":[{"href":"https:\/\/conradtulumrivieramaya.com\/es\/wp-json\/wp\/v2\/media?parent=2698"}],"curies":[{"name":"wp","href":"https:\/\/api.w.org\/{rel}","templated":true}]}}