{"id":538,"date":"2024-08-14T10:37:08","date_gmt":"2024-08-14T10:37:08","guid":{"rendered":"https:\/\/conradtulumrivieramaya.com\/?page_id=538"},"modified":"2026-03-19T16:26:29","modified_gmt":"2026-03-19T16:26:29","slug":"locales","status":"publish","type":"page","link":"https:\/\/conradtulumrivieramaya.com\/es\/locales\/","title":{"rendered":"Ofertas para locales"},"content":{"rendered":"<div class=\"conrad-tulum-cover conrad-tulum-cover--image wp-block-conrad-tulum-cover wp-block-conrad-tulum-cover-\" id=\"conrad-tulum-cover-69dc271ad71f5\">\n\t\t<div class=\"conrad-tulum-image-slider conrad-tulum-cover__images  conrad-tulum-image-slider--has-single-image conrad-tulum-cover__images  wp-block-conrad-tulum-image-slider\" id=\"conrad-tulum-image-slider-69dc271ad7b0a\">\n\t<div class=\"conrad-tulum-image-slider__wrapper swiper\">\n\t\t<div class=\"conrad-tulum-image-slider__list swiper-wrapper\">\n\t\t\t\t\t\t\t\t<div class=\"conrad-tulum-image-slider__item swiper-slide\">\n\t\t\t\t\t\t<div class=\"conrad-tulum-image-slider__item__media\">\n\t\t\t\t\t\t\t<img loading=\"lazy\" decoding=\"async\" width=\"1920\" height=\"1497\" src=\"https:\/\/cdn.conradtulumrivieramaya.com\/wp-content\/uploads\/2025\/05\/03181456\/2025-JUN-FOTO-CONRAD-TUL-ALBERCA-PRINCIPAL-MODELO-08.webp\" class=\"conrad-tulum-image-slider__item__image\" alt=\"Ni\u00f1o corriendo en playa arenosa con un hombre caminando detr\u00e1s, todo a lo largo de la orilla de la playa de Tulum.\" srcset=\"\" \/>\t\t\t\t\t\t<\/div>\n\t\t\t\t\t<\/div>\n\t\t\t\t\t\t\t\t\t\t<div class=\"conrad-tulum-image-slider__item swiper-slide\">\n\t\t\t\t\t\t<div class=\"conrad-tulum-image-slider__item__media\">\n\t\t\t\t\t\t\t<img loading=\"lazy\" decoding=\"async\" width=\"1920\" height=\"1281\" src=\"https:\/\/cdn.conradtulumrivieramaya.com\/wp-content\/uploads\/2026\/02\/18140140\/2025_09_25_HILTON_CONRAD_TULUM_STILLS_SUITE_01699-scaled-1.webp\" class=\"conrad-tulum-image-slider__item__image\" alt=\"Conrad Tulum Riviera Maya, Ceiba Club Suites. Resort de lujo para familias.\" srcset=\"\" \/>\t\t\t\t\t\t<\/div>\n\t\t\t\t\t<\/div>\n\t\t\t\t\t\t\t\t\t\t<div class=\"conrad-tulum-image-slider__item swiper-slide\">\n\t\t\t\t\t\t<div class=\"conrad-tulum-image-slider__item__media\">\n\t\t\t\t\t\t\t<img loading=\"lazy\" decoding=\"async\" width=\"1920\" height=\"1280\" src=\"https:\/\/cdn.conradtulumrivieramaya.com\/wp-content\/uploads\/2026\/02\/18120141\/CONRAD_TULUM_SUITE_01605-scaled-1.webp\" class=\"conrad-tulum-image-slider__item__image\" alt=\"Conrad Tulum Riviera Maya, Suites de Lujo, Ceiba Club. Fotograf\u00eda de estilo de vida de marca.\" srcset=\"\" \/>\t\t\t\t\t\t<\/div>\n\t\t\t\t\t<\/div>\n\t\t\t\t\t\t\t<\/div>\n\n\t\t\t\t\t<div class=\"swiper-pagination\"><\/div>\n\t\t\t<div class=\"swiper-button-next\"><\/div>\n\t\t\t<div class=\"swiper-button-prev\"><\/div>\n\t\t\t\t<\/div>\n<\/div>\n\t<script type=\"text\/javascript\">\n\t\twindow.addEventListener('DOMContentLoaded', function (event) {\n\t\t\tnew Swiper('#conrad-tulum-image-slider-69dc271ad7b0a .swiper', {\n\t\t\t\tloop: true,\n\t\t\t\tpagination: {\n\t\t\t\t\tel: '.swiper-pagination',\n\t\t\t\t\tclickable: true,\n\t\t\t\t},\n\t\t\t\tnavigation: {\n\t\t\t\t\tnextEl: '.swiper-button-next',\n\t\t\t\t\tprevEl: '.swiper-button-prev',\n\t\t\t\t},\n\t\t\t\tcenteredSlides: true,\n\t\t\t\tspaceBetween: 0,\n\t\t\t\tbreakpoints: {\n\t\t\t\t\t0: {\n\t\t\t\t\t\tslidesPerView: 1,\n\t\t\t\t\t},\n\t\t\t\t\t600: {\n\t\t\t\t\t\tslidesPerView: '1',\n\t\t\t\t\t},\n\t\t\t\t},\n\t\t\t});\n\t\t});\n\t<\/script>\n\t\t<\/div>\n\t\t\n\n<div\n\tstyle=\"margin-top:var(--wp--preset--spacing--prominent);margin-bottom:var(--wp--preset--spacing--prominent);\" class=\"conrad-tulum-heading-text conrad-tulum-heading-text--centered wp-block-conrad-tulum-heading-text\" id=\"conrad-tulum-heading-text-69dc271adaace\">\n\t<div class=\"conrad-tulum-heading-text__text\">\n\t\t<div class=\"conrad-tulum-heading-text__heading\">\n\t\t\t<div class=\"conrad-tulum-heading-text__category\">\n\t\t\t\t\t\t\t\t<div class=\"conrad-tulum-heading-text__category-list is-category-list\">\n\t\t\t\t\t\t\t\t\t\t<div class=\"conrad-tulum-heading-text__category-item is-subtitle\">\n\t\t\t\t\t\tBeneficios s\u00f3lo para mexicanos\t\t\t\t\t<\/div>\n\t\t\t\t\t\t\t\t\t\t\t<\/div>\n\t\t\t\t\t\t\t\t<\/div>\n\t\t\t<h1 class=\"conrad-tulum-heading-text__title  is-page-title\">\n\t\t\t\tDisfruta de Tulum a tu manera\t\t\t<\/h1>\n\t\t<\/div>\n\n\t\t\t\t\t<div class=\"conrad-tulum-heading-text__description is-description\">\n\t\t\t\t<p>Celebremos juntos la riqueza de M\u00e9xico con una oferta hecha a la medida. Como residente mexicano, disfruta de una tarifa preferencial y vive la magia de Tulum con beneficios exclusivos. Queremos que descubras y redescubras este para\u00edso con la calidez, el confort y la hospitalidad que mereces. \u00a1Tu escapada ideal te espera!<\/p>\n\t\t\t<\/div>\n\t\t\t\t\t<\/div>\n\n\t\t<div class=\"conrad-tulum-heading-text__action__list is-action-list\">\n\t\t\t\t<div class=\"conrad-tulum-heading-text__action__item is-action-item\">\n\t\t\t<a href=\"mailto:CUNCI.reservaciones@ConradHotels.com%20\" class=\"conrad-tulum-heading-text__action__link is-action-link nice-button nice-button--is-regular\" target=\"_blank\">\n\t\t\t\t<span class=\"nice-button__label\">Solicitar informaci\u00f3n<\/span>\n\t\t\t<\/a>\n\t\t<\/div>\n\t\t\t\t\t<\/div>\n\t\t<\/div>\n\t\n\n\n<div\n\tstyle=\"margin-top:var(--wp--preset--spacing--prominent);margin-bottom:var(--wp--preset--spacing--prominent);\" class=\"conrad-tulum-image-text conrad-tulum-image-text--regular conrad-tulum-image-text--show-media-on-left wp-block-conrad-tulum-image-text\" id=\"conrad-tulum-image-text-69dc271adb2a5\">\n\n\t<div class=\"conrad-tulum-image-text__media\">\n\t\t<img loading=\"lazy\" decoding=\"async\" width=\"1920\" height=\"1280\" src=\"https:\/\/cdn.conradtulumrivieramaya.com\/wp-content\/uploads\/2026\/02\/18121002\/Fathers-Day-scaled-1.webp\" class=\"conrad-tulum-image-text__image\" alt=\"Escapada familiar a Tulum, Conrad Tulum Riviera Maya.\" srcset=\"https:\/\/cdn.conradtulumrivieramaya.com\/wp-content\/uploads\/2026\/02\/18121002\/Fathers-Day-scaled-1.webp 1920w, https:\/\/cdn.conradtulumrivieramaya.com\/wp-content\/uploads\/2026\/02\/18121002\/Fathers-Day-scaled-1-300x200.webp 300w, https:\/\/cdn.conradtulumrivieramaya.com\/wp-content\/uploads\/2026\/02\/18121002\/Fathers-Day-scaled-1-1024x683.webp 1024w, https:\/\/cdn.conradtulumrivieramaya.com\/wp-content\/uploads\/2026\/02\/18121002\/Fathers-Day-scaled-1-768x512.webp 768w, https:\/\/cdn.conradtulumrivieramaya.com\/wp-content\/uploads\/2026\/02\/18121002\/Fathers-Day-scaled-1-1536x1024.webp 1536w, https:\/\/cdn.conradtulumrivieramaya.com\/wp-content\/uploads\/2026\/02\/18121002\/Fathers-Day-scaled-1-18x12.webp 18w\" sizes=\"auto, (max-width: 1920px) 100vw, 1920px\" \/>\t<\/div>\n\n\t<div class=\"conrad-tulum-image-text__content\">\n\t\t<div class=\"conrad-tulum-image-text__content-wrapper\">\n\t\t\t<div class=\"conrad-tulum-image-text__category\">\n\t\t\t\t\t\t\t\t<div class=\"conrad-tulum-image-text__category-list is-category-list\">\n\t\t\t\t\t\t\t\t\t\t<div class=\"conrad-tulum-image-text__category-item is-subtitle\">\n\t\t\t\t\t\tLocales\t\t\t\t\t<\/div>\n\t\t\t\t\t\t\t\t\t\t\t<\/div>\n\t\t\t\t\t\t\t\t<\/div>\n\t\t\t\t\t\t\t<h2 class=\"conrad-tulum-image-text__title is-block-title\">Tarifas exclusivas para mexicanos<\/h2>\n\t\t\t\t\t\t\t\t\t\t<div class=\"conrad-tulum-image-text__description is-description\">\n\t\t\t\t\t<p>Descubre el para\u00edso con una oferta exclusiva para residentes mexicanos.<br data-start=\"205\" data-end=\"208\" \/>Disfruta de <strong>hasta 30% de descuento<\/strong>, con desayuno buffet diario incluido para los hu\u00e9spedes registrados en la habitaci\u00f3n. Los ni\u00f1os menores de <strong>5 a\u00f1os de hospedaje y desayuno gratis<\/strong>. Adem\u00e1s, recibe hasta 20% de descuento en Spa, alimentos y bebidas, junto con check-in anticipado y check-out extendido de cortes\u00eda.<\/p>\n\t\t\t\t<\/div>\n\t\t\t\n\t\t\t\t\t\t<div class=\"conrad-tulum-image-text__action__list is-action-list\">\n\t\t\t\t\t\t\t\t<div class=\"conrad-tulum-image-text__action__item is-action-item\">\n\t\t\t\t\t<a href=\"https:\/\/www.hilton.com\/en\/book\/reservation\/deeplink\/?&#038;ctyhocn=CUNCICI&#038;spec_plan=E2&#038;requestedRatesOnly=true&#038;arrivalDate=2026-02-01&#038;departureDate=2026-02-02&#038;flexibleDates=true&#038;displayCurrency=MXN\" class=\"conrad-tulum-image-text__action__link is-action-link nice-button nice-button--is-regular\" target=\"\" rel=\"noopener\">\n\t\t\t\t\t\t<span class=\"nice-button__label\">Reservar<\/span>\n\t\t\t\t\t<\/a>\n\t\t\t\t<\/div>\n\t\t\t\t\t\t\t\t\t\t<div class=\"conrad-tulum-image-text__action__item is-action-item\">\n\t\t\t\t\t<a href=\"https:\/\/conradtulumrivieramaya.com\/es\/ofertas\/tarifamexicano\/\" class=\"conrad-tulum-image-text__action__link is-action-link nice-button nice-button--is-regular\" target=\"_blank\">\n\t\t\t\t\t\t<span class=\"nice-button__label\">Ver m\u00e1s<\/span>\n\t\t\t\t\t<\/a>\n\t\t\t\t<\/div>\n\t\t\t\t\t\t\t\t\t<\/div>\n\t\t\t\t\t\t<\/div>\n\t<\/div>\n<\/div>\n\n\n<span style=\"display: none\">pa\u00eds_actual: US<\/span>\n<div\n\tstyle=\"margin-top:var(--wp--preset--spacing--regular);margin-bottom:var(--wp--preset--spacing--regular);\" class=\"conrad-tulum-curated-stay-filter wp-block-conrad-tulum-curated-stay-filter\" id=\"conrad-tulum-curated-stay-filter-69dc271adc41c\">\n\n\t<div class=\"conrad-tulum-filter is-action-list conrad-tulum-curated-stay-filter--filter\" data-block_name=\"conrad-tulum-curated-stay-filter\" data-text=\"{&quot;load_more&quot;:&quot;LOAD MORE&quot;,&quot;close&quot;:&quot;CLOSE&quot;,&quot;go_up&quot;:&quot;GO UP&quot;}\" data-items_by_page=\"9\" data-filtered_items_classname=\".resource__item\">\n\t<div class=\"conrad-tulum-filter__item is-action-item\">\n\t\t<a href=\"javascript:void(0)\" class=\"all nice-button\">\n\t\t\t<span class=\"nice-button__label\">Todos<\/span>\n\t\t<\/a>\n\t<\/div>\n\t\t\t<div class=\"conrad-tulum-filter__item is-action-item\">\n\t\t\t\t\t<div\n\t\t\t\tclass=\"conrad-tulum-filter__item--label is-action-link nice-button nice-button--is-featured\"\n\t\t\t\tdata-filter_category=\"all-inclusive\">\n\t\t\t\t\t<span class=\"nice-button__label\">Todo incluido<\/span>\n\t\t\t<\/div>\n\t\t\t\t<\/div>\n\t\t\t<div class=\"conrad-tulum-filter__item is-action-item\">\n\t\t\t\t\t<div\n\t\t\t\tclass=\"conrad-tulum-filter__item--label is-action-link nice-button nice-button--is-featured\"\n\t\t\t\tdata-filter_category=\"discount\">\n\t\t\t\t\t<span class=\"nice-button__label\">Descuento<\/span>\n\t\t\t<\/div>\n\t\t\t\t<\/div>\n\t\t\t<div class=\"conrad-tulum-filter__item is-action-item\">\n\t\t\t\t\t<div\n\t\t\t\tclass=\"conrad-tulum-filter__item--label is-action-link nice-button nice-button--is-featured\"\n\t\t\t\tdata-filter_category=\"discount-and-resort-credit\">\n\t\t\t\t\t<span class=\"nice-button__label\">Descuento y Cr\u00e9dito de Resort<\/span>\n\t\t\t<\/div>\n\t\t\t\t<\/div>\n\t\t\t<div class=\"conrad-tulum-filter__item is-action-item\">\n\t\t\t\t\t<div\n\t\t\t\tclass=\"conrad-tulum-filter__item--label is-action-link nice-button nice-button--is-featured\"\n\t\t\t\tdata-filter_category=\"locales-2\">\n\t\t\t\t\t<span class=\"nice-button__label\">Locales<\/span>\n\t\t\t<\/div>\n\t\t\t\t<\/div>\n\t\t\t<div class=\"conrad-tulum-filter__item is-action-item\">\n\t\t\t\t\t<div\n\t\t\t\tclass=\"conrad-tulum-filter__item--label is-action-link nice-button nice-button--is-featured\"\n\t\t\t\tdata-filter_category=\"meals-included\">\n\t\t\t\t\t<span class=\"nice-button__label\">Comidas incluidas<\/span>\n\t\t\t<\/div>\n\t\t\t\t<\/div>\n\t\t\t<div class=\"conrad-tulum-filter__item is-action-item\">\n\t\t\t\t\t<div\n\t\t\t\tclass=\"conrad-tulum-filter__item--label is-action-link nice-button nice-button--is-featured\"\n\t\t\t\tdata-filter_category=\"transportation-included\">\n\t\t\t\t\t<span class=\"nice-button__label\">Transporte incluido<\/span>\n\t\t\t<\/div>\n\t\t\t\t<\/div>\n\t\t\t<div class=\"conrad-tulum-filter__item is-action-item\">\n\t\t\t\t\t<div\n\t\t\t\tclass=\"conrad-tulum-filter__item--label is-action-link nice-button nice-button--is-featured\"\n\t\t\t\tdata-filter_category=\"wellness\">\n\t\t\t\t\t<span class=\"nice-button__label\">Bienestar<\/span>\n\t\t\t<\/div>\n\t\t\t\t<\/div>\n\t\t<div class=\"conrad-tulum-filter--last-item is-action-item\">\n\t\t<a href=\"javascript:void(0)\" class=\"clear nice-button nice-button--is-featured\">\n\t\t\t<span class=\"nice-button__label\">BORRAR SELECCI\u00d3N<\/span>\n\t\t<\/a>\n\t<\/div>\n<\/div>\n\n\t<div class=\"conrad-tulum-curated_stay_filter__list conrad-tulum-curated-stay-filter--item_list\">\n\t<div class=\"resource__item\" data-filter=\"[&quot;all-inclusive&quot;]\">\n\t<div class=\"resource__item-media\">\n\t\t<div class=\"conrad-tulum-image-slider conrad-tulum-image-slider--has-single-image wp-block-conrad-tulum-image-slider\" id=\"conrad-tulum-image-slider-69dc271adfe91\">\n\t<div class=\"conrad-tulum-image-slider__wrapper swiper\">\n\t\t<div class=\"conrad-tulum-image-slider__list swiper-wrapper\">\n\t\t\t\t\t\t\t\t<div class=\"conrad-tulum-image-slider__item swiper-slide\">\n\t\t\t\t\t\t<div class=\"conrad-tulum-image-slider__item__media\">\n\t\t\t\t\t\t\t<img loading=\"lazy\" decoding=\"async\" width=\"1920\" height=\"1442\" src=\"https:\/\/conradtulumrivieramaya.com\/wp-content\/uploads\/2024\/09\/MAIN-POOL_2002-v2.webp\" class=\"conrad-tulum-image-slider__item__image\" alt=\"Paquete todo incluido, mesero sirviendo comida a tres amigos junto a la piscina del hotel en Conrad Tulum\" srcset=\"\" \/>\t\t\t\t\t\t<\/div>\n\t\t\t\t\t<\/div>\n\t\t\t\t\t\t\t<\/div>\n\n\t\t\t\t\t<div class=\"swiper-pagination\"><\/div>\n\t\t\t<div class=\"swiper-button-next\"><\/div>\n\t\t\t<div class=\"swiper-button-prev\"><\/div>\n\t\t\t\t<\/div>\n<\/div>\n\t<script type=\"text\/javascript\">\n\t\twindow.addEventListener('DOMContentLoaded', function (event) {\n\t\t\tnew Swiper('#conrad-tulum-image-slider-69dc271adfe91 .swiper', {\n\t\t\t\tloop: false,\n\t\t\t\tpagination: {\n\t\t\t\t\tel: '.swiper-pagination',\n\t\t\t\t\tclickable: true,\n\t\t\t\t},\n\t\t\t\tnavigation: {\n\t\t\t\t\tnextEl: '.swiper-button-next',\n\t\t\t\t\tprevEl: '.swiper-button-prev',\n\t\t\t\t},\n\t\t\t\tcenteredSlides: true,\n\t\t\t\tspaceBetween: 0,\n\t\t\t\tbreakpoints: {\n\t\t\t\t\t0: {\n\t\t\t\t\t\tslidesPerView: 1,\n\t\t\t\t\t},\n\t\t\t\t\t600: {\n\t\t\t\t\t\tslidesPerView: '1',\n\t\t\t\t\t},\n\t\t\t\t},\n\t\t\t});\n\t\t});\n\t<\/script>\n\t\t<\/div>\n\t<div class=\"resource__item-content\">\n\t\t\t\t<h2 class=\"resource__item-title is-box-title\">Vacaciones Todo Incluido<\/h2>\n\t\t<div class=\"resource__item-descrption is-description\">Con el Paquete Todo Incluido, tu escapada de verano perfecta ahora es m\u00e1s f\u00e1cil. Disfruta de gastronom\u00eda gourmet ilimitada, bebidas premium y experiencias diarias cuidadosamente seleccionadas en un entorno donde el Mar Caribe se encuentra con la selva.<\/div>\n\t\t\t\t<div class=\"resource__item-action-list is-action-list\">\n\t\t\t\t\t\t<div class=\"resource__item-action-item is-action-item\">\n\t\t\t\t<a href=\"https:\/\/www.hilton.com\/es\/book\/reservation\/deeplink\/?ctyhocn=CUNCICI&#038;groupCode=P9&#038;arrivaldate=2026-04-12&#038;departuredate=2026-04-16&#038;flexibleDates=true&#038;cid=OM,WW,HILTONLINK,EN,DirectLink&#038;fromId=HILTONLINKDIRECT&#038;displayCurrency=MXN\" class=\"resource__item-action-item-link is-action-link nice-button nice-button--is-regular\" target=\"_blank\" rel=\"noopener\">\n\t\t\t\t\t<span class=\"nice-button__label\">Reservar Ahora<\/span>\n\t\t\t\t<\/a>\n\t\t\t<\/div>\n\t\t\t\t\t\t\t<div class=\"resource__item-action-item is-action-item\">\n\t\t\t\t<a href=\"https:\/\/conradtulumrivieramaya.com\/es\/ofertas\/vacaciones-todo-incluido\/\" class=\"resource__item-action-item-link is-action-link nice-button nice-button--is-featured\" target=\"_self\">\n\t\t\t\t\t<span class=\"nice-button__label\">M\u00e1s Informaci\u00f3n<\/span>\n\t\t\t\t<\/a>\n\t\t\t<\/div>\n\t\t\t\t\t\t<\/div>\n\t\t\t\t<\/div>\n<\/div>\n<div class=\"resource__item\" data-filter=\"[&quot;locales-2&quot;]\">\n\t<div class=\"resource__item-media\">\n\t\t<div class=\"conrad-tulum-image-slider conrad-tulum-image-slider--has-single-image wp-block-conrad-tulum-image-slider\" id=\"conrad-tulum-image-slider-69dc271ae57f6\">\n\t<div class=\"conrad-tulum-image-slider__wrapper swiper\">\n\t\t<div class=\"conrad-tulum-image-slider__list swiper-wrapper\">\n\t\t\t\t\t\t\t\t<div class=\"conrad-tulum-image-slider__item swiper-slide\">\n\t\t\t\t\t\t<div class=\"conrad-tulum-image-slider__item__media\">\n\t\t\t\t\t\t\t<img loading=\"lazy\" decoding=\"async\" width=\"2560\" height=\"1613\" src=\"https:\/\/cdn.conradtulumrivieramaya.com\/wp-content\/uploads\/2025\/03\/27021113\/Water-Sports-scaled.jpg\" class=\"conrad-tulum-image-slider__item__image\" alt=\"Actividades y deportes acu\u00e1ticos en Conrad Tulum Riviera Maya\" srcset=\"\" \/>\t\t\t\t\t\t<\/div>\n\t\t\t\t\t<\/div>\n\t\t\t\t\t\t\t<\/div>\n\n\t\t\t\t\t<div class=\"swiper-pagination\"><\/div>\n\t\t\t<div class=\"swiper-button-next\"><\/div>\n\t\t\t<div class=\"swiper-button-prev\"><\/div>\n\t\t\t\t<\/div>\n<\/div>\n\t<script type=\"text\/javascript\">\n\t\twindow.addEventListener('DOMContentLoaded', function (event) {\n\t\t\tnew Swiper('#conrad-tulum-image-slider-69dc271ae57f6 .swiper', {\n\t\t\t\tloop: false,\n\t\t\t\tpagination: {\n\t\t\t\t\tel: '.swiper-pagination',\n\t\t\t\t\tclickable: true,\n\t\t\t\t},\n\t\t\t\tnavigation: {\n\t\t\t\t\tnextEl: '.swiper-button-next',\n\t\t\t\t\tprevEl: '.swiper-button-prev',\n\t\t\t\t},\n\t\t\t\tcenteredSlides: true,\n\t\t\t\tspaceBetween: 0,\n\t\t\t\tbreakpoints: {\n\t\t\t\t\t0: {\n\t\t\t\t\t\tslidesPerView: 1,\n\t\t\t\t\t},\n\t\t\t\t\t600: {\n\t\t\t\t\t\tslidesPerView: '1',\n\t\t\t\t\t},\n\t\t\t\t},\n\t\t\t});\n\t\t});\n\t<\/script>\n\t\t<\/div>\n\t<div class=\"resource__item-content\">\n\t\t\t\t<h2 class=\"resource__item-title is-box-title\">Conrad Tulum Daypass<\/h2>\n\t\t<div class=\"resource__item-descrption is-description\">Imagina comenzar tu d\u00eda con un exquisito desayuno en Arbolea, seguido de almuerzos con vistas al mar en Chringuitos Carbon y Crudo o junto a la piscina en Ultramar.\r\nTodo esto, m\u00e1s acceso a 5 albercas, playa privada, kayaks y paddleboard gratuitos, WiFi y valet parking incluido.  Por solo $190 USD por persona, disfruta de un d\u00eda inolvidable iniciando a las 9 am y cerrando una tarde de relax a las 5:45 pm.<\/div>\n\t\t\t\t<div class=\"resource__item-action-list is-action-list\">\n\t\t\t\t\t\t<div class=\"resource__item-action-item is-action-item\">\n\t\t\t\t<a href=\"mailto:CUNCI.Guest-Experience@ConradHotels.com\" class=\"resource__item-action-item-link is-action-link nice-button nice-button--is-regular\" target=\"_blank\">\n\t\t\t\t\t<span class=\"nice-button__label\">Reservar Ahora<\/span>\n\t\t\t\t<\/a>\n\t\t\t<\/div>\n\t\t\t\t\t\t\t<div class=\"resource__item-action-item is-action-item\">\n\t\t\t\t<a href=\"https:\/\/conradtulumrivieramaya.com\/es\/ofertas\/conradtulumdaypass\/\" class=\"resource__item-action-item-link is-action-link nice-button nice-button--is-featured\" target=\"_self\">\n\t\t\t\t\t<span class=\"nice-button__label\">M\u00e1s Informaci\u00f3n<\/span>\n\t\t\t\t<\/a>\n\t\t\t<\/div>\n\t\t\t\t\t\t<\/div>\n\t\t\t\t<\/div>\n<\/div>\n\t<\/div>\n<\/div>","protected":false},"excerpt":{"rendered":"","protected":false},"author":2,"featured_media":0,"parent":0,"menu_order":11,"comment_status":"closed","ping_status":"closed","template":"","meta":{"_acf_changed":false,"inline_featured_image":false,"footnotes":""},"class_list":["post-538","page","type-page","status-publish","hentry"],"acf":[],"_links":{"self":[{"href":"https:\/\/conradtulumrivieramaya.com\/es\/wp-json\/wp\/v2\/pages\/538","targetHints":{"allow":["GET"]}}],"collection":[{"href":"https:\/\/conradtulumrivieramaya.com\/es\/wp-json\/wp\/v2\/pages"}],"about":[{"href":"https:\/\/conradtulumrivieramaya.com\/es\/wp-json\/wp\/v2\/types\/page"}],"author":[{"embeddable":true,"href":"https:\/\/conradtulumrivieramaya.com\/es\/wp-json\/wp\/v2\/users\/2"}],"replies":[{"embeddable":true,"href":"https:\/\/conradtulumrivieramaya.com\/es\/wp-json\/wp\/v2\/comments?post=538"}],"version-history":[{"count":31,"href":"https:\/\/conradtulumrivieramaya.com\/es\/wp-json\/wp\/v2\/pages\/538\/revisions"}],"predecessor-version":[{"id":11738,"href":"https:\/\/conradtulumrivieramaya.com\/es\/wp-json\/wp\/v2\/pages\/538\/revisions\/11738"}],"wp:attachment":[{"href":"https:\/\/conradtulumrivieramaya.com\/es\/wp-json\/wp\/v2\/media?parent=538"}],"curies":[{"name":"wp","href":"https:\/\/api.w.org\/{rel}","templated":true}]}}